{"id":24,"date":"2025-06-12T01:21:01","date_gmt":"2025-06-11T22:21:01","guid":{"rendered":"https:\/\/elinisatus.com\/?page_id=24"},"modified":"2025-06-27T00:32:19","modified_gmt":"2025-06-26T21:32:19","slug":"elinisatus-ana-sayfa","status":"publish","type":"page","link":"https:\/\/elinisatus.com\/","title":{"rendered":"EliniSatus Ana Sayfa"},"content":{"rendered":"\t\t<div data-elementor-type=\"wp-page\" data-elementor-id=\"24\" class=\"elementor elementor-24\">\n\t\t\t\t<div class=\"elementor-element elementor-element-10657c9 e-con-full e-flex e-con e-parent\" data-id=\"10657c9\" data-element_type=\"container\" data-e-type=\"container\" data-settings=\"{&quot;background_background&quot;:&quot;classic&quot;}\">\n\t\t\t\t<div class=\"elementor-element elementor-element-7931327 elementor-widget elementor-widget-text-editor\" data-id=\"7931327\" data-element_type=\"widget\" data-e-type=\"widget\" data-widget_type=\"text-editor.default\">\n\t\t\t\t<div class=\"elementor-widget-container\">\n\t\t\t\t\t\t\t\t\t<div style=\"text-align: right; font-size: 18px;\"><br \/><a href=\"?lang=tr\">\ud83c\uddf9\ud83c\uddf7<\/a> |<br \/><a href=\"?lang=de\">\ud83c\udde9\ud83c\uddea<\/a> |<br \/><a href=\"?lang=en\">\ud83c\uddec\ud83c\udde7<\/a><\/div>\t\t\t\t\t\t\t\t<\/div>\n\t\t\t\t<\/div>\n\t\t\t\t<\/div>\n\t\t<div class=\"elementor-element elementor-element-8f6298f e-flex e-con-boxed e-con e-parent\" data-id=\"8f6298f\" data-element_type=\"container\" data-e-type=\"container\" data-settings=\"{&quot;background_background&quot;:&quot;classic&quot;}\">\n\t\t\t\t\t<div class=\"e-con-inner\">\n\t\t<div class=\"elementor-element elementor-element-9bf34d0 e-con-full e-flex e-con e-child\" data-id=\"9bf34d0\" data-element_type=\"container\" data-e-type=\"container\">\n\t\t\t\t<\/div>\n\t\t<div class=\"elementor-element elementor-element-419802a e-con-full e-flex e-con e-child\" data-id=\"419802a\" data-element_type=\"container\" data-e-type=\"container\">\n\t\t\t\t<div class=\"elementor-element elementor-element-ef2e4e9 elementor-widget elementor-widget-text-editor\" data-id=\"ef2e4e9\" data-element_type=\"widget\" data-e-type=\"widget\" data-widget_type=\"text-editor.default\">\n\t\t\t\t<div class=\"elementor-widget-container\">\n\t\t\t\t\t\t\t\t\t<h3 data-start=\"136\" data-end=\"189\"><strong data-start=\"140\" data-end=\"189\">Sessiz Dualarla B\u00fcy\u00fcyen Tohumlar<\/strong><\/h3><p data-start=\"191\" data-end=\"597\">\u00c7ok eskiden, hen\u00fcz raflar dolusu paketlenmi\u015f g\u0131dalar yokken, insanlar neye ihtiyac\u0131 varsa do\u011faya sorard\u0131. Bir kad\u0131n d\u00fc\u015f\u00fcn&#8230; Elinde k\u00fc\u00e7\u00fcc\u00fck bir tohum tutuyor. Topra\u011fa e\u011filiyor, elleriyle topra\u011f\u0131 incitmeden a\u00e7\u0131yor, tohumu usulca b\u0131rak\u0131yor i\u00e7ine. \u201cB\u00fcy\u00fc,\u201d diyor. \u201cSen b\u00fcy\u00fcrsen ben iyile\u015firim.\u201d Ve tohum b\u00fcy\u00fcyor. Bu, bir sebze olabilir\u2026 belki bir \u015fifal\u0131 bitki\u2026 ama her durumda, bir duan\u0131n sessiz cevab\u0131 oluyor.<\/p><p data-start=\"599\" data-end=\"982\">\u0130\u015fte <strong data-start=\"604\" data-end=\"618\">EliniSatus<\/strong>, o kad\u0131n\u0131n topra\u011fa ekti\u011fi tohumun izinden giden bir yer. Do\u011fadan kopanlar\u0131n yeniden do\u011fayla bulu\u015fmas\u0131 i\u00e7in a\u00e7\u0131lm\u0131\u015f sessiz ama g\u00fc\u00e7l\u00fc bir kap\u0131. Bu site, sana karma\u015f\u0131k bilimsel terimlerle de\u011fil, basit bir dilin samimiyetiyle seslenir. Okuma yazman az olsa da anlars\u0131n, teknolojiyle aran\u0131 iyi tutamasan da yolunu bulursun burada. \u00c7\u00fcnk\u00fc biz zaten senin i\u00e7in buraday\u0131z.<\/p><p data-start=\"984\" data-end=\"1421\">Burada anlat\u0131lan her \u015fey, iyili\u011fe \u00e7a\u011f\u0131ran bir ses gibi. Bitkiler konu\u015fur burada; \u201cBen mideye iyi gelirim,\u201d der papatya. \u201cSakinle\u015fmene yard\u0131m ederim,\u201d der melisa. Burada her \u015fey sade, her bilgi anla\u015f\u0131l\u0131r. \u015eifal\u0131 bitkiler, \u00e7aylar, do\u011fal vitaminler, sa\u011fl\u0131kl\u0131 tarifler&#8230; Hepsi, senin evinin mutfa\u011f\u0131nda uygulanabilir kadar kolay. Ayr\u0131ca, merak etti\u011fin bir \u015fey olursa bir yapay zek\u00e2 yard\u0131mc\u0131s\u0131 da var. Sana sab\u0131rla cevap verir, asla s\u0131k\u0131lmaz.<\/p><p data-start=\"1423\" data-end=\"1679\">EliniSatus, seninle birlikte b\u00fcy\u00fcs\u00fcn diye var. Belki kilona \u00e7are ar\u0131yorsun, belki tansiyonuna&#8230; Belki sadece ruhuna iyi gelecek bir \u015feyler. Ne i\u00e7in geldiysen, burada bir iz bulacaks\u0131n. Belki de senin bir tarifin, senin bir hik\u00e2yen ba\u015fkalar\u0131na \u015fifa olacak.<\/p><p data-start=\"1681\" data-end=\"1816\">\u00c7\u00fcnk\u00fc biz biliyoruz ki, <strong data-start=\"1705\" data-end=\"1748\">her tohum, yarat\u0131l\u0131\u015f\u0131n sessiz duas\u0131d\u0131r.<\/strong><br data-start=\"1748\" data-end=\"1751\" \/>Sen o duaya inand\u0131\u011f\u0131n anda, her \u015fey yava\u015f yava\u015f de\u011fi\u015fmeye ba\u015flar.<\/p>\t\t\t\t\t\t\t\t<\/div>\n\t\t\t\t<\/div>\n\t\t\t\t<\/div>\n\t\t<div class=\"elementor-element elementor-element-d6cb3a1 e-con-full e-flex e-con e-child\" data-id=\"d6cb3a1\" data-element_type=\"container\" data-e-type=\"container\">\n\t\t\t\t<\/div>\n\t\t\t\t\t<\/div>\n\t\t\t\t<\/div>\n\t\t\t\t<\/div>\n\t\t","protected":false},"excerpt":{"rendered":"<p>\ud83c\uddf9\ud83c\uddf7 |\ud83c\udde9\ud83c\uddea |\ud83c\uddec\ud83c\udde7 Sessiz Dualarla B\u00fcy\u00fcyen Tohumlar \u00c7ok eskiden, hen\u00fcz raflar dolusu paketlenmi\u015f g\u0131dalar yokken, insanlar neye ihtiyac\u0131 varsa do\u011faya sorard\u0131. Bir kad\u0131n d\u00fc\u015f\u00fcn&#8230; Elinde k\u00fc\u00e7\u00fcc\u00fck bir tohum tutuyor. Topra\u011fa e\u011filiyor, elleriyle topra\u011f\u0131 incitmeden a\u00e7\u0131yor, tohumu usulca b\u0131rak\u0131yor i\u00e7ine. \u201cB\u00fcy\u00fc,\u201d diyor. \u201cSen b\u00fcy\u00fcrsen ben iyile\u015firim.\u201d Ve tohum b\u00fcy\u00fcyor. Bu, bir sebze olabilir\u2026 belki bir \u015fifal\u0131 [&hellip;]<\/p>\n","protected":false},"author":1,"featured_media":108,"parent":0,"menu_order":0,"comment_status":"closed","ping_status":"closed","template":"elementor_canvas","meta":{"zakra_page_container_layout":"customizer","zakra_page_sidebar_layout":"customizer","zakra_remove_content_margin":false,"zakra_sidebar":"customizer","zakra_transparent_header":"customizer","zakra_logo":0,"zakra_main_header_style":"default","zakra_menu_item_color":"","zakra_menu_item_hover_color":"","zakra_menu_item_active_color":"","zakra_menu_active_style":"","zakra_page_header":true,"footnotes":""},"class_list":["post-24","page","type-page","status-publish","has-post-thumbnail","hentry"],"_links":{"self":[{"href":"https:\/\/elinisatus.com\/index.php\/wp-json\/wp\/v2\/pages\/24","targetHints":{"allow":["GET"]}}],"collection":[{"href":"https:\/\/elinisatus.com\/index.php\/wp-json\/wp\/v2\/pages"}],"about":[{"href":"https:\/\/elinisatus.com\/index.php\/wp-json\/wp\/v2\/types\/page"}],"author":[{"embeddable":true,"href":"https:\/\/elinisatus.com\/index.php\/wp-json\/wp\/v2\/users\/1"}],"replies":[{"embeddable":true,"href":"https:\/\/elinisatus.com\/index.php\/wp-json\/wp\/v2\/comments?post=24"}],"version-history":[{"count":110,"href":"https:\/\/elinisatus.com\/index.php\/wp-json\/wp\/v2\/pages\/24\/revisions"}],"predecessor-version":[{"id":160,"href":"https:\/\/elinisatus.com\/index.php\/wp-json\/wp\/v2\/pages\/24\/revisions\/160"}],"wp:featuredmedia":[{"embeddable":true,"href":"https:\/\/elinisatus.com\/index.php\/wp-json\/wp\/v2\/media\/108"}],"wp:attachment":[{"href":"https:\/\/elinisatus.com\/index.php\/wp-json\/wp\/v2\/media?parent=24"}],"curies":[{"name":"wp","href":"https:\/\/api.w.org\/{rel}","templated":true}]}}